{"id":110,"date":"2015-11-04T08:07:38","date_gmt":"2015-11-04T07:07:38","guid":{"rendered":"http:\/\/aire-loire.com\/?page_id=110"},"modified":"2021-10-24T13:28:57","modified_gmt":"2021-10-24T11:28:57","slug":"dr-morel-pr-marotte-dr-solly","status":"publish","type":"page","link":"https:\/\/aire-loire.fr\/index.php\/projets\/dr-morel-pr-marotte-dr-solly\/","title":{"rendered":"Projets 2014"},"content":{"rendered":"\n<div class=\"wp-block-buttons is-content-justification-right is-layout-flex wp-block-buttons-is-layout-flex\">\n<div class=\"wp-block-button\"><a class=\"wp-block-button__link\" href=\"https:\/\/aire-loire.fr\/index.php\/projets\/\">Retour aux projets<\/a><\/div>\n<\/div>\n\n\n\n<div class=\"cartouche\">\n<div class=\"surlignable\">\n<h3 class=\"chapo\">Pour cette ann\u00e9e 2014, nos 3 laur\u00e9ats sont&nbsp;:<\/h3>\n<p><strong>Dr J\u00e9r\u00f4me MOREL<\/strong>&nbsp;(R\u00e9animation)<\/p>\n<p>Int\u00e9r\u00eat du cycloergom\u00e8tre pour pr\u00e9venir la fonte musculaire en r\u00e9animation.<\/p>\n<p><strong>Pr Marotte &amp; Dr M\u00e9lanie RINAUD-GAUJOUS<\/strong>&nbsp;(Rhumatologie)<\/p>\n<p>Association entre un germe dentaire et la polyarthrite rhumato\u00efde.<\/p>\n<p><strong>Dr Fran\u00e7oise SOLLY<\/strong>&nbsp;(H\u00e9matologie)<\/p>\n<p>Etude du r\u00f4le du miRnome dans la r\u00e9sistance des syndromes my\u00e9lodysplasiques au traitement par VIDAZA.<\/p>\n<p>Dr Morel, Pr Marotte, Dr Solly<\/p>\n<\/div>\n<\/div>\n\n\n\n<div class=\"surlignable\">\n<div class=\"texte entry-content\">\n<p>En 2014, AIRE SOUTIENT 3 PROJETS<\/p>\n<p><strong>Professeur Hubert MAROTTE \u2014 RHUMATOLOGIE<\/strong>&nbsp;<i>ASSOCIATION ENTRE UN GERME DENTAIRE ET LA POLYARTHRITE RHUMATOIDE<\/i>&nbsp;La polyarthrite rhumato\u00efde est le plus fr\u00e9quent des rhumatismes inflammatoires chroniques. Cette maladie est plus fr\u00e9quente chez les patients ayant des infections dentaires. Un microbe (<i>P ginvalis<\/i>) a \u00e9t\u00e9 identifi\u00e9 comme pouvant \u00eatre impliqu\u00e9 dans le d\u00e9veloppement de la polyarthrite rhumato\u00efde. Cette \u00e9tude propose de rechercher si les patients porteurs de polyarthrite ont effectivement \u00e9t\u00e9 par le pass\u00e9 infect\u00e9 par ce microbe.<\/p>\n<p><strong>Docteur Fran\u00e7oise SOLLY \u2014 HEMATOLOGIE<\/strong>&nbsp;<i>ETUDE DU ROLE DU \u00ab&nbsp;miRNome&nbsp;\u00bb DANS LA RESISTANCE DES SYNDROMES MYELODYSPLASIQUES AU TRAITEMENT PAR VIDAZA<\/i>&nbsp;Le syndrome my\u00e9lodysplasique est un cancer du sang fr\u00e9quent. Le VIDAZA est un traitement du syndrome my\u00e9lodysplasique qui est efficace chez 60% des patients. Cette \u00e9tude propose d\u2019\u00e9valuer. Les micro-ARN qui pourraient permettre de pr\u00e9dire la r\u00e9ponse d\u2019un patient donn\u00e9 au VIDAZA.<\/p>\n<p><strong>Docteur J\u00e9r\u00f4me MOREL \u2014 SERVICE REANIMATION B<\/strong>&nbsp;<i>INTERET DU CYCLOERGOMETRE POUR PREVENIR LA FONTE MUSCULAIRE EN REANIMATION<\/i>&nbsp;L\u2019am\u00e9lioration de la survie de nos patients n\u2019a de sens que si elle est associ\u00e9e \u00e0 une qualit\u00e9 de vie correcte. A la sortie d\u2019une hospitalisation en r\u00e9animation, 25 \u00e0 50% des patients pr\u00e9sentent une fatigabilit\u00e9 musculaire, et seulement 49% des survivants ont repris une activit\u00e9 professionnelle \u00e0 1 an. Les strat\u00e9gies de pr\u00e9vention consistent \u00e0 limiter la dur\u00e9e de l\u2019anesth\u00e9sie g\u00e9n\u00e9rale et \u00e0 r\u00e9aliser de la kin\u00e9sith\u00e9rapie pr\u00e9coce passive. Cette kin\u00e9sith\u00e9rapie passive est r\u00e9alis\u00e9e chez tous les patients en particulier ceux maintenus sous anesth\u00e9sie g\u00e9n\u00e9rale. Malgr\u00e9 nos efforts, certains de nos patients, souvent les plus graves et\/ou les plus \u00e2g\u00e9s, d\u00e9crivent une symptomatologie musculo-articulaire \u00e0 6 mois. Des \u00e9tudes r\u00e9centes rapportent des r\u00e9sultats encourageants concernant l\u2019utilisation d\u2019un v\u00e9lo de r\u00e9animation. Cet appareil permet chez le patient sous anesth\u00e9sie g\u00e9n\u00e9rale de \u00ab&nbsp;p\u00e9daler&nbsp;\u00bb de fa\u00e7on passive (gr\u00e2ce \u00e0 un moteur). Lorsque le patient est r\u00e9veill\u00e9 et coop\u00e9rant, les s\u00e9ances sont r\u00e9alis\u00e9es en mode actif. Loin de remplacer le r\u00f4le du kin\u00e9sith\u00e9rapeute, cet appareil est un outil suppl\u00e9mentaire pour leur travail. L\u2019objectif de ce projet sera de tester l\u2019efficacit\u00e9 du cycloergom\u00e8tre d\u00e9but\u00e9 rapidement apr\u00e8s l\u2019admission pour pr\u00e9venir la fonte musculaire et l\u2019atteinte articulaire en r\u00e9animation.<\/p>\n<\/div>\n<\/div>\n","protected":false},"excerpt":{"rendered":"<p>Pour cette ann\u00e9e 2014, nos 3 laur\u00e9ats sont&nbsp;: Dr J\u00e9r\u00f4me MOREL&nbsp;(R\u00e9animation) Int\u00e9r\u00eat du cycloergom\u00e8tre pour pr\u00e9venir la fonte musculaire en r\u00e9animation. Pr Marotte &amp; Dr M\u00e9lanie RINAUD-GAUJOUS&nbsp;(Rhumatologie) Association entre un germe dentaire et la polyarthrite rhumato\u00efde. Dr Fran\u00e7oise SOLLY&nbsp;(H\u00e9matologie) Etude du r\u00f4le du miRnome dans la r\u00e9sistance des syndromes my\u00e9lodysplasiques au traitement par VIDAZA. Dr [&hellip;]<\/p>\n","protected":false},"author":1,"featured_media":0,"parent":34,"menu_order":0,"comment_status":"closed","ping_status":"closed","template":"","meta":{"footnotes":""},"class_list":["post-110","page","type-page","status-publish","hentry"],"_links":{"self":[{"href":"https:\/\/aire-loire.fr\/index.php\/wp-json\/wp\/v2\/pages\/110","targetHints":{"allow":["GET"]}}],"collection":[{"href":"https:\/\/aire-loire.fr\/index.php\/wp-json\/wp\/v2\/pages"}],"about":[{"href":"https:\/\/aire-loire.fr\/index.php\/wp-json\/wp\/v2\/types\/page"}],"author":[{"embeddable":true,"href":"https:\/\/aire-loire.fr\/index.php\/wp-json\/wp\/v2\/users\/1"}],"replies":[{"embeddable":true,"href":"https:\/\/aire-loire.fr\/index.php\/wp-json\/wp\/v2\/comments?post=110"}],"version-history":[{"count":3,"href":"https:\/\/aire-loire.fr\/index.php\/wp-json\/wp\/v2\/pages\/110\/revisions"}],"predecessor-version":[{"id":572,"href":"https:\/\/aire-loire.fr\/index.php\/wp-json\/wp\/v2\/pages\/110\/revisions\/572"}],"up":[{"embeddable":true,"href":"https:\/\/aire-loire.fr\/index.php\/wp-json\/wp\/v2\/pages\/34"}],"wp:attachment":[{"href":"https:\/\/aire-loire.fr\/index.php\/wp-json\/wp\/v2\/media?parent=110"}],"curies":[{"name":"wp","href":"https:\/\/api.w.org\/{rel}","templated":true}]}}