{"id":171,"date":"2015-11-24T22:26:09","date_gmt":"2015-11-24T21:26:09","guid":{"rendered":"http:\/\/aire-loire.com\/?page_id=171"},"modified":"2021-10-24T13:32:56","modified_gmt":"2021-10-24T11:32:56","slug":"projets-2015","status":"publish","type":"page","link":"https:\/\/aire-loire.fr\/index.php\/projets\/projets-2015\/","title":{"rendered":"Projets 2015"},"content":{"rendered":"\n<div class=\"wp-block-buttons is-content-justification-right is-layout-flex wp-block-buttons-is-layout-flex\">\n<div class=\"wp-block-button\"><a class=\"wp-block-button__link\" href=\"https:\/\/aire-loire.fr\/index.php\/projets\/\">Retour aux projets<\/a><\/div>\n<\/div>\n\n\n\n<p><strong>Docteur Charlotte VERMERSCH &#8211; Gyn\u00e9cologie<br><\/strong>Prise en charge du cancer du sein&nbsp;: le r\u00f4le essentiel du ganglion sentinelle<\/p>\n\n\n\n<p><strong>&nbsp;<\/strong><strong>Docteur David CHARIER &#8211;&nbsp;<\/strong><strong>Anesth\u00e9sie<br><\/strong>Chirurgie cardiaque&nbsp;: un stimulateur inspir\u00e9 de la m\u00e9decine chinoise<\/p>\n\n\n\n<p><strong>&nbsp;<\/strong><strong>Professeur Laurent BERTOLETTI &#8211;&nbsp;<\/strong><strong>M\u00e9decine Th\u00e9rapeutique<br><\/strong>Hypertension pulmonaire art\u00e9rielle&nbsp;: \u00e9tude multicentrique pilot\u00e9e par le C.H.U. de Saint-\u00c9tienne<\/p>\n","protected":false},"excerpt":{"rendered":"<p>Docteur Charlotte VERMERSCH &#8211; Gyn\u00e9cologiePrise en charge du cancer du sein&nbsp;: le r\u00f4le essentiel du ganglion sentinelle &nbsp;Docteur David CHARIER &#8211;&nbsp;Anesth\u00e9sieChirurgie cardiaque&nbsp;: un stimulateur inspir\u00e9 de la m\u00e9decine chinoise &nbsp;Professeur Laurent BERTOLETTI &#8211;&nbsp;M\u00e9decine Th\u00e9rapeutiqueHypertension pulmonaire art\u00e9rielle&nbsp;: \u00e9tude multicentrique pilot\u00e9e par le C.H.U. de Saint-\u00c9tienne<\/p>\n","protected":false},"author":1,"featured_media":0,"parent":34,"menu_order":0,"comment_status":"closed","ping_status":"closed","template":"","meta":{"footnotes":""},"class_list":["post-171","page","type-page","status-publish","hentry"],"_links":{"self":[{"href":"https:\/\/aire-loire.fr\/index.php\/wp-json\/wp\/v2\/pages\/171","targetHints":{"allow":["GET"]}}],"collection":[{"href":"https:\/\/aire-loire.fr\/index.php\/wp-json\/wp\/v2\/pages"}],"about":[{"href":"https:\/\/aire-loire.fr\/index.php\/wp-json\/wp\/v2\/types\/page"}],"author":[{"embeddable":true,"href":"https:\/\/aire-loire.fr\/index.php\/wp-json\/wp\/v2\/users\/1"}],"replies":[{"embeddable":true,"href":"https:\/\/aire-loire.fr\/index.php\/wp-json\/wp\/v2\/comments?post=171"}],"version-history":[{"count":3,"href":"https:\/\/aire-loire.fr\/index.php\/wp-json\/wp\/v2\/pages\/171\/revisions"}],"predecessor-version":[{"id":574,"href":"https:\/\/aire-loire.fr\/index.php\/wp-json\/wp\/v2\/pages\/171\/revisions\/574"}],"up":[{"embeddable":true,"href":"https:\/\/aire-loire.fr\/index.php\/wp-json\/wp\/v2\/pages\/34"}],"wp:attachment":[{"href":"https:\/\/aire-loire.fr\/index.php\/wp-json\/wp\/v2\/media?parent=171"}],"curies":[{"name":"wp","href":"https:\/\/api.w.org\/{rel}","templated":true}]}}