{"id":2,"date":"2015-11-01T21:47:33","date_gmt":"2015-11-01T20:47:33","guid":{"rendered":"http:\/\/aire-loire.com\/?page_id=2"},"modified":"2021-10-24T19:04:31","modified_gmt":"2021-10-24T17:04:31","slug":"association","status":"publish","type":"page","link":"https:\/\/aire-loire.fr\/index.php\/association\/","title":{"rendered":"L&rsquo;association"},"content":{"rendered":"\n<div class=\"wp-block-group\"><div class=\"wp-block-group__inner-container is-layout-flow wp-block-group-is-layout-flow\">\n<div class=\"wp-block-group\"><div class=\"wp-block-group__inner-container is-layout-flow wp-block-group-is-layout-flow\">\n<p>L\u2019association soutien des&nbsp;m\u00e9decins dans un domaine innovant de recherche clinique et m\u00e9dicale.<\/p>\n\n\n\n<p>Les projets de recherche m\u00e9dicale aboutissent \u00e0 de nouvelles th\u00e9rapeutiques dont b\u00e9n\u00e9ficieront les malades. Ces nouvelles techniques m\u00e9dicales et chirurgicales sont publi\u00e9es dans les revues nationales et internationales.<\/p>\n\n\n\n<p>Le financement se fait par la r\u00e9alisation de spectacles (musique, th\u00e9\u00e2tre) dont le b\u00e9n\u00e9fice va \u00e0 la recherche m\u00e9dicale.<\/p>\n\n\n\n<p>Le conseil d\u2019administration se r\u00e9unit une fois par mois. Chaque ann\u00e9e il d\u00e9lib\u00e8re, sur une dizaine de projets de recherche, sous la responsabilit\u00e9 des Professeurs C\u00e9line CHAULEUR, Christophe MARIAT et Gilles THURET membres du CA.<\/p>\n<\/div><\/div>\n\n\n\n<div class=\"wp-block-group\"><div class=\"wp-block-group__inner-container is-layout-flow wp-block-group-is-layout-flow\">\n<div class=\"wp-block-group\"><div class=\"wp-block-group__inner-container is-layout-flow wp-block-group-is-layout-flow\">\n<figure class=\"wp-block-pullquote\"><blockquote><p>En toute transparence<\/p><cite>Nous nous sommes engag\u00e9s \u00e0 ce que le maximum des fonds collect\u00e9s aille au financement du projet m\u00e9dical retenu.<br>Le but de l\u2019association est d\u2019aider un m\u00e9decin du Centre hospitalier CHU de Saint-Etienne dans un domaine innovant de recherche clinique et d\u2019application rapide chez les malades. Ce sont des projets qui aboutissent dans les meilleurs d\u00e9lais \u00e0 de nouvelles th\u00e9rapeutiques dont b\u00e9n\u00e9ficieront les malades.<br>Ces nouvelles techniques m\u00e9dicales et chirurgicales font l\u2019objet de publications dans les meilleures revues nationales et internationales. Elles contribuent au renom et \u00e0 la reconnaissance de la pertinence des ces recherches au CHU de St Etienne ainsi qu\u2019\u00e0 la qualit\u00e9 des soins prodigu\u00e9s.<br>Notre objectif (que nous avons toujours tenu)<br>90% de notre collecte doit \u00eatre affect\u00e9 au financement du projet m\u00e9dical.<br>Nous limitons nos frais de structure au maximum \u00e0 environ 10&nbsp;%&nbsp;?<br>Ils concernent&nbsp;: les assurances, les frais de secr\u00e9tariat et les frais d\u2019envois postaux.<br>Les recettes des spectacles sont parfois amput\u00e9es des frais que nous essayons de r\u00e9duire au maximum&nbsp;:<br>&#8211;&nbsp;location de salle<br>&#8211;&nbsp;co\u00fbt de la communication (affichage, billetterie)<br>&#8211;&nbsp;droits SACEM<br>&#8211;&nbsp;cachets des Artistes<br><strong>66% de vos versements sont d\u00e9ductibles de vos imp\u00f4ts. (dans la limite de 20% de votre revenu imposable)<\/strong><br><br>Le tr\u00e9sorier.<\/cite><\/blockquote><\/figure>\n<\/div><\/div>\n<\/div><\/div>\n\n\n\n<h3 class=\"wp-block-heading\"><strong>L\u2019\u00e9quipe de l\u2019association AiRE : Conseil d\u2019Administration<\/strong><\/h3>\n\n\n\n<p><strong>Le bureau<\/strong><\/p>\n\n\n\n<ul class=\"wp-block-list\"><li>Pr\u00e9sidente : Madame Evelyne SABOT<\/li><li>Vice-pr\u00e9sidente : Madame Marie-Louise RIGAUD<\/li><li>Tr\u00e9sori\u00e8re : Madame Pascale PREVOST<\/li><li>Tr\u00e9sorier-adjoint : Monsieur Jean-No\u00ebl CANCADE<\/li><li>Secr\u00e9taire : Madame Chantal WASIAK<\/li><li>Secr\u00e9taire adjointe : Madame Janine BOISSY<\/li><\/ul>\n\n\n\n<div style=\"height:13px\" aria-hidden=\"true\" class=\"wp-block-spacer\"><\/div>\n\n\n\n<p><strong>Les membres<\/strong><\/p>\n\n\n\n<ul class=\"wp-block-list\"><li>Melchior BRUNETTO &#8211; Retrait\u00e9 BTP<\/li><li>Professeur C\u00e9line CHAULEUR &#8211; Gyn\u00e9cologue Obst\u00e9tricienne C.H.U.<\/li><li>Annie GIGNOUX &#8211; Retrait\u00e9e cadre de sant\u00e9 C.H.U.<\/li><li>Martine GOUBATIAN &#8211; journaliste Retrait\u00e9e<\/li><li>Jean Philoppe KLEIN -Docteur en m\u00e9decine<\/li><li>Professeur Christophe MARIAT &#8211; n\u00e9phrologie C.H.U<\/li><li>Jean-Paul NEYRAUD &#8211; Retrait\u00e9 m\u00e9decin ophtalmologie Clinique Mutualiste<\/li><li>Professeur Gilles THURET &#8211; ophtalmologie C.H.U.<\/li><li>Victoria VIALLETON &#8211; Retrait\u00e9e<\/li><li>Mijo COUDOUR &#8211; Retrait\u00e9e<\/li><li>Monique TRIN &#8211; Retrait\u00e9e cadre de sant\u00e9 C.H.U.<\/li><li>Marie-Th\u00e9r\u00e8se RAMBAUD &#8211; Retrait\u00e9e<\/li><li>Madame TAMET &#8211; Retrait\u00e9e<\/li><li>Albert RIBAUD &#8211; Retrait\u00e9<\/li><li>Suzanne GROUSSON &#8211; Retrait\u00e9e de l&rsquo;\u00e9ducation nationale<\/li><li>Monsieur GROUSSON &#8211; Retrait\u00e9<\/li><li>Professeur Bruno POZZETTO &#8211; Bact\u00e9riologie C.H. U.<\/li><li>Professeur Fabrice-Guy BARRAL &#8211; Radiologie C.H.U.<\/li><\/ul>\n\n\n\n<pre class=\"wp-block-verse\">\nL\u2019association AIRE est inscrite au J.O. n\u00b0&nbsp;46 du 13.11.1999<\/pre>\n<\/div><\/div>\n","protected":false},"excerpt":{"rendered":"<p>L\u2019association soutien des&nbsp;m\u00e9decins dans un domaine innovant de recherche clinique et m\u00e9dicale. Les projets de recherche m\u00e9dicale aboutissent \u00e0 de nouvelles th\u00e9rapeutiques dont b\u00e9n\u00e9ficieront les malades. Ces nouvelles techniques m\u00e9dicales et chirurgicales sont publi\u00e9es dans les revues nationales et internationales. Le financement se fait par la r\u00e9alisation de spectacles (musique, th\u00e9\u00e2tre) dont le b\u00e9n\u00e9fice va [&hellip;]<\/p>\n","protected":false},"author":1,"featured_media":693,"parent":0,"menu_order":0,"comment_status":"closed","ping_status":"closed","template":"","meta":{"footnotes":""},"class_list":["post-2","page","type-page","status-publish","has-post-thumbnail","hentry"],"_links":{"self":[{"href":"https:\/\/aire-loire.fr\/index.php\/wp-json\/wp\/v2\/pages\/2","targetHints":{"allow":["GET"]}}],"collection":[{"href":"https:\/\/aire-loire.fr\/index.php\/wp-json\/wp\/v2\/pages"}],"about":[{"href":"https:\/\/aire-loire.fr\/index.php\/wp-json\/wp\/v2\/types\/page"}],"author":[{"embeddable":true,"href":"https:\/\/aire-loire.fr\/index.php\/wp-json\/wp\/v2\/users\/1"}],"replies":[{"embeddable":true,"href":"https:\/\/aire-loire.fr\/index.php\/wp-json\/wp\/v2\/comments?post=2"}],"version-history":[{"count":20,"href":"https:\/\/aire-loire.fr\/index.php\/wp-json\/wp\/v2\/pages\/2\/revisions"}],"predecessor-version":[{"id":695,"href":"https:\/\/aire-loire.fr\/index.php\/wp-json\/wp\/v2\/pages\/2\/revisions\/695"}],"wp:featuredmedia":[{"embeddable":true,"href":"https:\/\/aire-loire.fr\/index.php\/wp-json\/wp\/v2\/media\/693"}],"wp:attachment":[{"href":"https:\/\/aire-loire.fr\/index.php\/wp-json\/wp\/v2\/media?parent=2"}],"curies":[{"name":"wp","href":"https:\/\/api.w.org\/{rel}","templated":true}]}}