{"id":283,"date":"2017-05-17T14:43:52","date_gmt":"2017-05-17T12:43:52","guid":{"rendered":"http:\/\/aire-loire.fr\/?page_id=283"},"modified":"2021-10-24T13:34:39","modified_gmt":"2021-10-24T11:34:39","slug":"projets-2017","status":"publish","type":"page","link":"https:\/\/aire-loire.fr\/index.php\/projets\/projets-2017\/","title":{"rendered":"Projets 2017"},"content":{"rendered":"\n<div class=\"wp-block-buttons is-content-justification-right is-layout-flex wp-block-buttons-is-layout-flex\">\n<div class=\"wp-block-button\"><a class=\"wp-block-button__link\">Retour aux projets<\/a><\/div>\n<\/div>\n\n\n\n<h3 class=\"wp-block-heading\">L\u2019Aide \u00e0 la Recherche M\u00e9dicale de proximit\u00e9 soutient chaque ann\u00e9e trois projets de recherche&nbsp;au CHU. En 2017, les laur\u00e9ats sont :<\/h3>\n\n\n\n<figure class=\"wp-block-table\"><table><tbody><tr><td><a href=\"https:\/\/aire-loire.fr\/wp-content\/uploads\/2017\/05\/1-1.jpg\"><img decoding=\"async\" class=\"aligncenter wp-image-298 size-full\" src=\"https:\/\/aire-loire.fr\/wp-content\/uploads\/2017\/05\/1-1.jpg\" width=\"168\" height=\"218\"><\/a><\/td><td><a href=\"https:\/\/aire-loire.fr\/wp-content\/uploads\/2017\/05\/2.jpg\"><img decoding=\"async\" class=\"aligncenter size-full wp-image-297\" src=\"https:\/\/aire-loire.fr\/wp-content\/uploads\/2017\/05\/2.jpg\" alt=\"2\" width=\"181\" height=\"218\"><\/a><\/td><td><a href=\"https:\/\/aire-loire.fr\/wp-content\/uploads\/2017\/05\/3.jpg\"><img decoding=\"async\" class=\"aligncenter wp-image-299 size-full\" src=\"https:\/\/aire-loire.fr\/wp-content\/uploads\/2017\/05\/3.jpg\" width=\"170\" height=\"224\"><\/a><\/td><\/tr><tr><td><strong>Florence Sauvanaud<\/strong> pour l\u2019\u00e9tude <strong>SCHIZ\u2019EMOTION<\/strong>.\n<p>&nbsp;<\/p>\n<p>Elle vise \u00e0 \u00e9lucider un aspect central des sympt\u00f4mes n\u00e9gatifs de la schizophr\u00e9nie : la dysr\u00e9gulation \u00e9motionnelle. En combinant des \u00e9valuations cliniques, cognitives, d\u2019imagerie c\u00e9r\u00e9brale fonctionelle et d\u2019analyses prot\u00e9iques et g\u00e9n\u00e9tiques, l\u2019\u00e9tude propose un mod\u00e8le biologique expliquant la dysr\u00e9gulation \u00e9motionnelle dans cette pathologie.<\/p>\n<p>&nbsp;<\/p>\n<p>&nbsp;<\/p>\n<p>&nbsp;<\/p>\n<\/td><td><strong>Anne Pouvaret<\/strong> pour l\u2019\u00e9tude sur les <strong>plaquettes de sang<\/strong>.\n<p>&nbsp;<\/p>\n<p>Le but du projet soutenu par l\u2019association AIRE est d\u2019\u00e9valuer l\u2019activation des plaquettes et leur r\u00e9ponse inflammatoire chez des patients greff\u00e9s, apr\u00e8s une stimulation par une prot\u00e9ine du CMV (Cytom\u00e9galovirus). Cette \u00e9tude permettrait de d\u00e9terminer si les plaquettes constituent une d\u00e9fense contre le CMV et si elles sont \u00e0 l\u2019origine du d\u00e9clenchement de la GVH. Cette compr\u00e9hension pourrait permettre d\u2019am\u00e9liorer le confort de vie des patients, d\u2019optimiser le traitement de cette infection et d\u2019en diminuer ses cons\u00e9quences.<\/p>\n<\/td><td><strong>Tiphaine Raia<\/strong> pour l\u2019\u00e9tude <strong>ANGIOPRED VITAD<\/strong> (\u00e9valuation du statut en vitamine D dans une population \u00e0 haut risque de pr\u00e9-\u00e9clampsie).\n<p>&nbsp;<\/p>\n<p>L\u2019\u00e9tude Angiopred est une \u00e9tude de cohorte prospective multicentrique ayant inclu 200 patientes \u00e0 haut risque de pathologies vasculaires placentaires. L\u2019objectif principal de notre \u00e9tude est de comparer le statut vitaminique D \u00e0 chaque stade de la grossesse chez les patientes ayant pr\u00e9sent\u00e9 ou non une pathologie li\u00e9e au placenta.<\/p>\n<p>&nbsp;<\/p>\n<p>&nbsp;<\/p>\n<\/td><\/tr><\/tbody><\/table><\/figure>\n","protected":false},"excerpt":{"rendered":"<p>L\u2019Aide \u00e0 la Recherche M\u00e9dicale de proximit\u00e9 soutient chaque ann\u00e9e trois projets de recherche&nbsp;au CHU. En 2017, les laur\u00e9ats sont : Florence Sauvanaud pour l\u2019\u00e9tude SCHIZ\u2019EMOTION. &nbsp; Elle vise \u00e0 \u00e9lucider un aspect central des sympt\u00f4mes n\u00e9gatifs de la schizophr\u00e9nie : la dysr\u00e9gulation \u00e9motionnelle. En combinant des \u00e9valuations cliniques, cognitives, d\u2019imagerie c\u00e9r\u00e9brale fonctionelle et d\u2019analyses [&hellip;]<\/p>\n","protected":false},"author":1,"featured_media":0,"parent":34,"menu_order":0,"comment_status":"closed","ping_status":"closed","template":"","meta":{"footnotes":""},"class_list":["post-283","page","type-page","status-publish","hentry"],"_links":{"self":[{"href":"https:\/\/aire-loire.fr\/index.php\/wp-json\/wp\/v2\/pages\/283","targetHints":{"allow":["GET"]}}],"collection":[{"href":"https:\/\/aire-loire.fr\/index.php\/wp-json\/wp\/v2\/pages"}],"about":[{"href":"https:\/\/aire-loire.fr\/index.php\/wp-json\/wp\/v2\/types\/page"}],"author":[{"embeddable":true,"href":"https:\/\/aire-loire.fr\/index.php\/wp-json\/wp\/v2\/users\/1"}],"replies":[{"embeddable":true,"href":"https:\/\/aire-loire.fr\/index.php\/wp-json\/wp\/v2\/comments?post=283"}],"version-history":[{"count":11,"href":"https:\/\/aire-loire.fr\/index.php\/wp-json\/wp\/v2\/pages\/283\/revisions"}],"predecessor-version":[{"id":576,"href":"https:\/\/aire-loire.fr\/index.php\/wp-json\/wp\/v2\/pages\/283\/revisions\/576"}],"up":[{"embeddable":true,"href":"https:\/\/aire-loire.fr\/index.php\/wp-json\/wp\/v2\/pages\/34"}],"wp:attachment":[{"href":"https:\/\/aire-loire.fr\/index.php\/wp-json\/wp\/v2\/media?parent=283"}],"curies":[{"name":"wp","href":"https:\/\/api.w.org\/{rel}","templated":true}]}}