{"id":30,"date":"2015-11-02T07:28:52","date_gmt":"2015-11-02T06:28:52","guid":{"rendered":"http:\/\/aire-loire.com\/?page_id=30"},"modified":"2024-05-04T19:36:30","modified_gmt":"2024-05-04T17:36:30","slug":"accueil","status":"publish","type":"page","link":"https:\/\/aire-loire.fr\/","title":{"rendered":"Accueil"},"content":{"rendered":"\n<p>L\u2019association soutien des&nbsp;m\u00e9decins dans un domaine innovant de recherche clinique et m\u00e9dicale.<\/p>\n\n\n\n<p>Les projets de recherche m\u00e9dicale aboutissent \u00e0 de nouvelles th\u00e9rapeutiques dont b\u00e9n\u00e9ficieront les malades. Ces nouvelles techniques m\u00e9dicales et chirurgicales sont publi\u00e9es dans les revues nationales et internationales.<\/p>\n\n\n\n<p>Le financement se fait par les dons, la r\u00e9alisation d&rsquo;\u00e9v\u00e9nements (repas, musique, th\u00e9\u00e2tre) dont le b\u00e9n\u00e9fice va \u00e0 la recherche m\u00e9dicale.<\/p>\n","protected":false},"excerpt":{"rendered":"<p>L\u2019association soutien des&nbsp;m\u00e9decins dans un domaine innovant de recherche clinique et m\u00e9dicale. Les projets de recherche m\u00e9dicale aboutissent \u00e0 de nouvelles th\u00e9rapeutiques dont b\u00e9n\u00e9ficieront les malades. Ces nouvelles techniques m\u00e9dicales et chirurgicales sont publi\u00e9es dans les revues nationales et internationales. Le financement se fait par les dons, la r\u00e9alisation d&rsquo;\u00e9v\u00e9nements (repas, musique, th\u00e9\u00e2tre) dont le [&hellip;]<\/p>\n","protected":false},"author":2,"featured_media":0,"parent":0,"menu_order":0,"comment_status":"closed","ping_status":"closed","template":"","meta":{"footnotes":""},"class_list":["post-30","page","type-page","status-publish","hentry"],"_links":{"self":[{"href":"https:\/\/aire-loire.fr\/index.php\/wp-json\/wp\/v2\/pages\/30","targetHints":{"allow":["GET"]}}],"collection":[{"href":"https:\/\/aire-loire.fr\/index.php\/wp-json\/wp\/v2\/pages"}],"about":[{"href":"https:\/\/aire-loire.fr\/index.php\/wp-json\/wp\/v2\/types\/page"}],"author":[{"embeddable":true,"href":"https:\/\/aire-loire.fr\/index.php\/wp-json\/wp\/v2\/users\/2"}],"replies":[{"embeddable":true,"href":"https:\/\/aire-loire.fr\/index.php\/wp-json\/wp\/v2\/comments?post=30"}],"version-history":[{"count":4,"href":"https:\/\/aire-loire.fr\/index.php\/wp-json\/wp\/v2\/pages\/30\/revisions"}],"predecessor-version":[{"id":696,"href":"https:\/\/aire-loire.fr\/index.php\/wp-json\/wp\/v2\/pages\/30\/revisions\/696"}],"wp:attachment":[{"href":"https:\/\/aire-loire.fr\/index.php\/wp-json\/wp\/v2\/media?parent=30"}],"curies":[{"name":"wp","href":"https:\/\/api.w.org\/{rel}","templated":true}]}}