{"id":34,"date":"2015-11-02T08:10:26","date_gmt":"2015-11-02T07:10:26","guid":{"rendered":"http:\/\/aire-loire.com\/?page_id=34"},"modified":"2024-05-04T19:02:37","modified_gmt":"2024-05-04T17:02:37","slug":"projets","status":"publish","type":"page","link":"https:\/\/aire-loire.fr\/index.php\/projets\/","title":{"rendered":"Les projets"},"content":{"rendered":"\n<div class=\"wp-block-columns is-layout-flex wp-container-core-columns-is-layout-9d6595d7 wp-block-columns-is-layout-flex\">\n<div class=\"wp-block-column is-layout-flow wp-block-column-is-layout-flow\" style=\"flex-basis:80%\">\n<h3 class=\"wp-block-heading\">Nos actions engag\u00e9es apr\u00e8s avis de sp\u00e9cialistes de la sant\u00e9<\/h3>\n\n\n\n<p>Nos actions ont permis des avanc\u00e9es dans le domaine de la recherche m\u00e9dicale, du traitement, du service et du soin aux malades au Centre Hospitalier (CHU) de Saint Etienne (42).<\/p>\n\n\n\n<p>Retrouvez toutes nos actions dans notre nouveau livret:&nbsp;<a href=\"https:\/\/aire-loire.fr\/wp-content\/uploads\/2018\/09\/livret-aire-V4.pdf\">livret aire V4<\/a><\/p>\n\n\n\n<h3 class=\"wp-block-heading\">Le choix&nbsp;?<\/h3>\n\n\n\n<p>Une premi\u00e8re s\u00e9lection des projets pr\u00e9sent\u00e9s par les Services ou \u00c9tablissements Hospitaliers de proximit\u00e9, est effectu\u00e9e par les Professeurs C\u00e9line CHAULEUR, Christophe MARIAT et Gilles THURET qui en jugent l\u2019int\u00e9r\u00eat et la faisabilit\u00e9.<\/p>\n\n\n\n<p>Les projets s\u00e9lectionn\u00e9s sont pr\u00e9sent\u00e9s par les postulants \u00e0 tout le conseil d\u2019administration.<\/p>\n\n\n\n<p>Les crit\u00e8res de s\u00e9lection retenus sont&nbsp;:<strong>&nbsp;faisabilit\u00e9, coh\u00e9rence, pertinence, lisibilit\u00e9 pour le grand public, investissement dans l\u2019association<\/strong>.<\/p>\n<\/div>\n\n\n\n<div class=\"wp-block-column is-layout-flow wp-block-column-is-layout-flow\" style=\"flex-basis:20%\">\n<h2 class=\"wp-block-heading has-text-align-right\">Ann\u00e9es pr\u00e9c\u00e9dentes<\/h2>\n\n\n\n<div class=\"wp-block-group\"><div class=\"wp-block-group__inner-container is-layout-flow wp-block-group-is-layout-flow\">\n<div class=\"wp-block-buttons is-horizontal is-content-justification-right is-layout-flex wp-container-core-buttons-is-layout-ae2fe186 wp-block-buttons-is-layout-flex\">\n<div class=\"wp-block-button\"><a class=\"wp-block-button__link wp-element-button\" href=\"https:\/\/aire-loire.fr\/index.php\/projets\/projets-2024\/\">2024<\/a><\/div>\n\n\n\n<div class=\"wp-block-button\"><a class=\"wp-block-button__link wp-element-button\" href=\"https:\/\/aire-loire.fr\/?page_id=723\">2023<\/a><\/div>\n\n\n\n<div class=\"wp-block-button\"><a class=\"wp-block-button__link wp-element-button\" href=\"https:\/\/aire-loire.fr\/index.php\/projets\/projets-2022\/\">2022<\/a><\/div>\n\n\n\n<div class=\"wp-block-button\"><a class=\"wp-block-button__link wp-element-button\" href=\"https:\/\/aire-loire.fr\/index.php\/projets\/2021-2\/\">2021<\/a><\/div>\n\n\n\n<div class=\"wp-block-button\"><a class=\"wp-block-button__link wp-element-button\" href=\"https:\/\/aire-loire.fr\/index.php\/projets\/projets-2020\/\">2020 <\/a><\/div>\n\n\n\n<div class=\"wp-block-button\"><a class=\"wp-block-button__link wp-element-button\" href=\"https:\/\/aire-loire.fr\/index.php\/projets\/projets-2019\/\">2019<\/a><\/div>\n\n\n\n<div class=\"wp-block-button\"><a class=\"wp-block-button__link wp-element-button\" href=\"https:\/\/aire-loire.fr\/index.php\/projets\/projets-2018\/\">2018<\/a><\/div>\n\n\n\n<div class=\"wp-block-button\"><a class=\"wp-block-button__link wp-element-button\" href=\"https:\/\/aire-loire.fr\/index.php\/projets\/projets-2017\/\">2017<\/a><\/div>\n\n\n\n<div class=\"wp-block-button\"><a class=\"wp-block-button__link wp-element-button\" href=\"https:\/\/aire-loire.fr\/index.php\/projets\/projets-2016\/\">2016<\/a><\/div>\n\n\n\n<div class=\"wp-block-button\"><a class=\"wp-block-button__link wp-element-button\" href=\"https:\/\/aire-loire.fr\/index.php\/projets\/projets-2015\/\">2015<\/a><\/div>\n\n\n\n<div class=\"wp-block-button\"><a class=\"wp-block-button__link wp-element-button\" href=\"https:\/\/aire-loire.fr\/index.php\/projets\/dr-morel-pr-marotte-dr-solly\/\">2014<\/a><\/div>\n<\/div>\n\n\n\n<div class=\"wp-block-buttons is-layout-flex wp-block-buttons-is-layout-flex\"><\/div>\n\n\n\n<div class=\"wp-block-buttons is-layout-flex wp-block-buttons-is-layout-flex\"><\/div>\n<\/div><\/div>\n<\/div>\n<\/div>\n\n\n\n<p><\/p>\n","protected":false},"excerpt":{"rendered":"<p>Nos actions engag\u00e9es apr\u00e8s avis de sp\u00e9cialistes de la sant\u00e9 Nos actions ont permis des avanc\u00e9es dans le domaine de la recherche m\u00e9dicale, du traitement, du service et du soin aux malades au Centre Hospitalier (CHU) de Saint Etienne (42). Retrouvez toutes nos actions dans notre nouveau livret:&nbsp;livret aire V4 Le choix&nbsp;? Une premi\u00e8re s\u00e9lection [&hellip;]<\/p>\n","protected":false},"author":2,"featured_media":0,"parent":0,"menu_order":-1,"comment_status":"closed","ping_status":"closed","template":"","meta":{"footnotes":""},"class_list":["post-34","page","type-page","status-publish","hentry"],"_links":{"self":[{"href":"https:\/\/aire-loire.fr\/index.php\/wp-json\/wp\/v2\/pages\/34","targetHints":{"allow":["GET"]}}],"collection":[{"href":"https:\/\/aire-loire.fr\/index.php\/wp-json\/wp\/v2\/pages"}],"about":[{"href":"https:\/\/aire-loire.fr\/index.php\/wp-json\/wp\/v2\/types\/page"}],"author":[{"embeddable":true,"href":"https:\/\/aire-loire.fr\/index.php\/wp-json\/wp\/v2\/users\/2"}],"replies":[{"embeddable":true,"href":"https:\/\/aire-loire.fr\/index.php\/wp-json\/wp\/v2\/comments?post=34"}],"version-history":[{"count":14,"href":"https:\/\/aire-loire.fr\/index.php\/wp-json\/wp\/v2\/pages\/34\/revisions"}],"predecessor-version":[{"id":725,"href":"https:\/\/aire-loire.fr\/index.php\/wp-json\/wp\/v2\/pages\/34\/revisions\/725"}],"wp:attachment":[{"href":"https:\/\/aire-loire.fr\/index.php\/wp-json\/wp\/v2\/media?parent=34"}],"curies":[{"name":"wp","href":"https:\/\/api.w.org\/{rel}","templated":true}]}}