{"id":38,"date":"2015-11-02T21:12:53","date_gmt":"2015-11-02T20:12:53","guid":{"rendered":"http:\/\/aire-loire.com\/?page_id=38"},"modified":"2021-10-24T19:03:52","modified_gmt":"2021-10-24T17:03:52","slug":"partenaires","status":"publish","type":"page","link":"https:\/\/aire-loire.fr\/index.php\/partenaires\/","title":{"rendered":"Nos partenaires"},"content":{"rendered":"\n<h3 class=\"wp-block-heading\">Ils sont avec nous, ils nous aident<\/h3>\n\n\n\n<p>Aux C\u00f4t\u00e9s de nos adh\u00e9rents, des organismes, des entreprises apportent leur pierre ou mettent leurs comp\u00e9tences, leurs moyens au service de l\u2019association.<\/p>\n\n\n\n<p>Ce sont tous ces concours spontan\u00e9s mais discrets qui font que, chaque ann\u00e9e, on rel\u00e8ve le d\u00e9fi.<br>Sponsors, m\u00e9c\u00e8nes, nous leur disons un grand merci<\/p>\n\n\n\n<ul class=\"wp-block-list\"><li>Ville de St \u00c9tienne<\/li><li>CHU St Etienne<\/li><li>RCF<\/li><li>D\u00e9partement de la Loire<\/li><li>Lyc\u00e9e hotelier le Renouveau &#8211; St Genest Lerpt<\/li><li>Les chocolats Weiss<\/li><li>Tous nos donateurs<\/li><\/ul>\n\n\n\n<p><\/p>\n\n\n\n<figure class=\"wp-block-gallery columns-2 wp-block-gallery-1 is-layout-flex wp-block-gallery-is-layout-flex\"><ul class=\"blocks-gallery-grid\"><li class=\"blocks-gallery-item\"><figure><img decoding=\"async\" width=\"134\" height=\"90\" src=\"https:\/\/aire-loire.fr\/wp-content\/uploads\/2015\/11\/logoStEtienne.jpg\" alt=\"\" data-id=\"65\" class=\"wp-image-65\"\/><\/figure><\/li><li class=\"blocks-gallery-item\"><figure><img decoding=\"async\" width=\"90\" height=\"90\" src=\"https:\/\/aire-loire.fr\/wp-content\/uploads\/2015\/11\/logoCHU.jpg\" alt=\"\" data-id=\"58\" class=\"wp-image-58\"\/><\/figure><\/li><\/ul><\/figure>\n","protected":false},"excerpt":{"rendered":"<p>Ils sont avec nous, ils nous aident Aux C\u00f4t\u00e9s de nos adh\u00e9rents, des organismes, des entreprises apportent leur pierre ou mettent leurs comp\u00e9tences, leurs moyens au service de l\u2019association. Ce sont tous ces concours spontan\u00e9s mais discrets qui font que, chaque ann\u00e9e, on rel\u00e8ve le d\u00e9fi.Sponsors, m\u00e9c\u00e8nes, nous leur disons un grand merci Ville de [&hellip;]<\/p>\n","protected":false},"author":1,"featured_media":691,"parent":0,"menu_order":0,"comment_status":"closed","ping_status":"closed","template":"","meta":{"footnotes":""},"class_list":["post-38","page","type-page","status-publish","has-post-thumbnail","hentry"],"_links":{"self":[{"href":"https:\/\/aire-loire.fr\/index.php\/wp-json\/wp\/v2\/pages\/38","targetHints":{"allow":["GET"]}}],"collection":[{"href":"https:\/\/aire-loire.fr\/index.php\/wp-json\/wp\/v2\/pages"}],"about":[{"href":"https:\/\/aire-loire.fr\/index.php\/wp-json\/wp\/v2\/types\/page"}],"author":[{"embeddable":true,"href":"https:\/\/aire-loire.fr\/index.php\/wp-json\/wp\/v2\/users\/1"}],"replies":[{"embeddable":true,"href":"https:\/\/aire-loire.fr\/index.php\/wp-json\/wp\/v2\/comments?post=38"}],"version-history":[{"count":38,"href":"https:\/\/aire-loire.fr\/index.php\/wp-json\/wp\/v2\/pages\/38\/revisions"}],"predecessor-version":[{"id":673,"href":"https:\/\/aire-loire.fr\/index.php\/wp-json\/wp\/v2\/pages\/38\/revisions\/673"}],"wp:featuredmedia":[{"embeddable":true,"href":"https:\/\/aire-loire.fr\/index.php\/wp-json\/wp\/v2\/media\/691"}],"wp:attachment":[{"href":"https:\/\/aire-loire.fr\/index.php\/wp-json\/wp\/v2\/media?parent=38"}],"curies":[{"name":"wp","href":"https:\/\/api.w.org\/{rel}","templated":true}]}}