{"id":385,"date":"2019-02-21T18:53:23","date_gmt":"2019-02-21T17:53:23","guid":{"rendered":"http:\/\/aire-loire.fr\/?page_id=385"},"modified":"2021-10-24T13:36:37","modified_gmt":"2021-10-24T11:36:37","slug":"projets-2019","status":"publish","type":"page","link":"https:\/\/aire-loire.fr\/index.php\/projets\/projets-2019\/","title":{"rendered":"Projets 2019"},"content":{"rendered":"\n<div class=\"wp-block-buttons is-content-justification-right is-layout-flex wp-block-buttons-is-layout-flex\">\n<div class=\"wp-block-button\"><a class=\"wp-block-button__link\" href=\"https:\/\/aire-loire.fr\/index.php\/projets\/\">Retour aux projets<\/a><\/div>\n<\/div>\n\n\n\n<h4 class=\"wp-block-heading\">D\u00e9couvrez nos Laur\u00e9ats et leurs projets<\/h4>\n\n\n\n<ul class=\"wp-block-list\"><li><a href=\"https:\/\/aire-loire.fr\/index.php\/2019-pierre-labeix\/\">Pierre LABEIX<\/a> &#8211; \u00c9valuation Nocturne de l&rsquo;Entra\u00eenement des Muscles Inspiratoire dans les Syndromes d&rsquo;Apn\u00e9e-hypopn\u00e9e Obstuctive du Sommeil : ENEMI-SAOS<\/li><li><a href=\"https:\/\/aire-loire.fr\/index.php\/2019-pauline-damien\/\">Pauline DAMIEN<\/a> &#8211; Ost\u00e9oporose associ\u00e9e \u00e0 l&rsquo;h\u00e9mophilie : Identification des m\u00e9canismes physiopathologiques et Impact sur les traitements anti-h\u00e9mophiliques<\/li><li><a href=\"https:\/\/aire-loire.fr\/index.php\/2019-pascal-infantino\/\">Pascal INFANTINO<\/a> &#8211; Caract\u00e9risation de la fatigue chez les patients ayant s\u00e9journ\u00e9 en unit\u00e9 de r\u00e9animation : r\u00f4le de la fonction musculaire <\/li><\/ul>\n\n\n\n<figure class=\"wp-block-image\"><img decoding=\"async\" width=\"640\" height=\"634\" src=\"https:\/\/aire-loire.fr\/wp-content\/uploads\/2019\/02\/IMG_2107.jpg\" alt=\"D\u00e9couvrez nos Laur\u00e9ats et leurs projets\" class=\"wp-image-400\" srcset=\"https:\/\/aire-loire.fr\/wp-content\/uploads\/2019\/02\/IMG_2107.jpg 640w, https:\/\/aire-loire.fr\/wp-content\/uploads\/2019\/02\/IMG_2107-150x150.jpg 150w, https:\/\/aire-loire.fr\/wp-content\/uploads\/2019\/02\/IMG_2107-300x297.jpg 300w\" sizes=\"(max-width: 640px) 100vw, 640px\" \/><\/figure>\n","protected":false},"excerpt":{"rendered":"<p>D\u00e9couvrez nos Laur\u00e9ats et leurs projets Pierre LABEIX &#8211; \u00c9valuation Nocturne de l&rsquo;Entra\u00eenement des Muscles Inspiratoire dans les Syndromes d&rsquo;Apn\u00e9e-hypopn\u00e9e Obstuctive du Sommeil : ENEMI-SAOS Pauline DAMIEN &#8211; Ost\u00e9oporose associ\u00e9e \u00e0 l&rsquo;h\u00e9mophilie : Identification des m\u00e9canismes physiopathologiques et Impact sur les traitements anti-h\u00e9mophiliques Pascal INFANTINO &#8211; Caract\u00e9risation de la fatigue chez les patients ayant s\u00e9journ\u00e9 [&hellip;]<\/p>\n","protected":false},"author":1,"featured_media":0,"parent":34,"menu_order":0,"comment_status":"closed","ping_status":"closed","template":"","meta":{"footnotes":""},"class_list":["post-385","page","type-page","status-publish","hentry"],"_links":{"self":[{"href":"https:\/\/aire-loire.fr\/index.php\/wp-json\/wp\/v2\/pages\/385","targetHints":{"allow":["GET"]}}],"collection":[{"href":"https:\/\/aire-loire.fr\/index.php\/wp-json\/wp\/v2\/pages"}],"about":[{"href":"https:\/\/aire-loire.fr\/index.php\/wp-json\/wp\/v2\/types\/page"}],"author":[{"embeddable":true,"href":"https:\/\/aire-loire.fr\/index.php\/wp-json\/wp\/v2\/users\/1"}],"replies":[{"embeddable":true,"href":"https:\/\/aire-loire.fr\/index.php\/wp-json\/wp\/v2\/comments?post=385"}],"version-history":[{"count":12,"href":"https:\/\/aire-loire.fr\/index.php\/wp-json\/wp\/v2\/pages\/385\/revisions"}],"predecessor-version":[{"id":578,"href":"https:\/\/aire-loire.fr\/index.php\/wp-json\/wp\/v2\/pages\/385\/revisions\/578"}],"up":[{"embeddable":true,"href":"https:\/\/aire-loire.fr\/index.php\/wp-json\/wp\/v2\/pages\/34"}],"wp:attachment":[{"href":"https:\/\/aire-loire.fr\/index.php\/wp-json\/wp\/v2\/media?parent=385"}],"curies":[{"name":"wp","href":"https:\/\/api.w.org\/{rel}","templated":true}]}}