{"id":422,"date":"2019-02-21T19:30:55","date_gmt":"2019-02-21T18:30:55","guid":{"rendered":"http:\/\/aire-loire.fr\/?page_id=422"},"modified":"2019-02-21T20:11:04","modified_gmt":"2019-02-21T19:11:04","slug":"2019-pauline-damien","status":"publish","type":"page","link":"https:\/\/aire-loire.fr\/index.php\/2019-pauline-damien\/","title":{"rendered":"2019: Pauline DAMIEN"},"content":{"rendered":"\n<div class=\"wp-block-media-text alignwide\"><figure class=\"wp-block-media-text__media\"><img decoding=\"async\" width=\"501\" height=\"640\" src=\"https:\/\/aire-loire.fr\/wp-content\/uploads\/2019\/02\/IMG_2122-1.jpg\" alt=\"\" class=\"wp-image-391\" srcset=\"https:\/\/aire-loire.fr\/wp-content\/uploads\/2019\/02\/IMG_2122-1.jpg 501w, https:\/\/aire-loire.fr\/wp-content\/uploads\/2019\/02\/IMG_2122-1-235x300.jpg 235w\" sizes=\"(max-width: 501px) 100vw, 501px\" \/><\/figure><div class=\"wp-block-media-text__content\">\n<h5 class=\"wp-block-heading\" id=\"mce_4\">Ost\u00e9oporose associ\u00e9e \u00e0 l&rsquo;h\u00e9mophilie : Identification des m\u00e9canismes physiopathologiques et Impact sur les traitements anti-h\u00e9mophiliques<\/h5>\n<\/div><\/div>\n\n\n\n<h5 class=\"wp-block-heading\">Pauline DAMIEN&nbsp; &#8211; Centre d\u2019Investigation Clinique (CIC) CHU de Saint Etienne<\/h5>\n\n\n\n<p>L\u2019h\u00e9mophilie est une maladie de la coagulation du sang caract\u00e9ris\u00e9e par le d\u00e9ficit d\u2019une prot\u00e9ine de la coagulation et qui se manifeste par des saignements excessifs et incontr\u00f4l\u00e9s. <br> Plus r\u00e9cemment, il a \u00e9t\u00e9 d\u00e9montr\u00e9 que  les h\u00e9mophiles ont \u00e9galement une fragilit\u00e9 au niveau de leur os (ost\u00e9oporose) associ\u00e9e \u00e0 un risque augment\u00e9 de fractures. L\u2019apparition de l\u2019ost\u00e9oporose chez les h\u00e9mophiles n\u2019est pas encore expliqu\u00e9e. Des \u00e9tudes compl\u00e9mentaires sont donc n\u00e9cessaires afin de pr\u00e9venir l\u2019apparition de cette ost\u00e9oporose. Nous pensons que l\u2019absence des prot\u00e9ines de la coagulation aurait, en plus du risque de saignement, un impact d\u00e9l\u00e9t\u00e8re sur l\u2019os. Afin de v\u00e9rifier cela, nous souhaitons \u00e9valuer la relation entre la densit\u00e9 osseuse et le taux de prot\u00e9ines de la coagulation. Les r\u00e9sultats de cette \u00e9tude permettront une meilleure prise en charge des h\u00e9mophiles qui passe l\u2019identification des patients \u00e0 risque et l\u2019adaptation de leur traitement anti-h\u00e9mophilique.<\/p>\n","protected":false},"excerpt":{"rendered":"<p>Ost\u00e9oporose associ\u00e9e \u00e0 l&rsquo;h\u00e9mophilie : Identification des m\u00e9canismes physiopathologiques et Impact sur les traitements anti-h\u00e9mophiliques Pauline DAMIEN&nbsp; &#8211; Centre d\u2019Investigation Clinique (CIC) CHU de Saint Etienne L\u2019h\u00e9mophilie est une maladie de la coagulation du sang caract\u00e9ris\u00e9e par le d\u00e9ficit d\u2019une prot\u00e9ine de la coagulation et qui se manifeste par des saignements excessifs et incontr\u00f4l\u00e9s. Plus [&hellip;]<\/p>\n","protected":false},"author":1,"featured_media":0,"parent":0,"menu_order":0,"comment_status":"closed","ping_status":"closed","template":"template-new-patient-sidebar-left.php","meta":{"footnotes":""},"class_list":["post-422","page","type-page","status-publish","hentry"],"_links":{"self":[{"href":"https:\/\/aire-loire.fr\/index.php\/wp-json\/wp\/v2\/pages\/422","targetHints":{"allow":["GET"]}}],"collection":[{"href":"https:\/\/aire-loire.fr\/index.php\/wp-json\/wp\/v2\/pages"}],"about":[{"href":"https:\/\/aire-loire.fr\/index.php\/wp-json\/wp\/v2\/types\/page"}],"author":[{"embeddable":true,"href":"https:\/\/aire-loire.fr\/index.php\/wp-json\/wp\/v2\/users\/1"}],"replies":[{"embeddable":true,"href":"https:\/\/aire-loire.fr\/index.php\/wp-json\/wp\/v2\/comments?post=422"}],"version-history":[{"count":4,"href":"https:\/\/aire-loire.fr\/index.php\/wp-json\/wp\/v2\/pages\/422\/revisions"}],"predecessor-version":[{"id":452,"href":"https:\/\/aire-loire.fr\/index.php\/wp-json\/wp\/v2\/pages\/422\/revisions\/452"}],"wp:attachment":[{"href":"https:\/\/aire-loire.fr\/index.php\/wp-json\/wp\/v2\/media?parent=422"}],"curies":[{"name":"wp","href":"https:\/\/api.w.org\/{rel}","templated":true}]}}