{"id":481,"date":"2020-04-13T14:11:44","date_gmt":"2020-04-13T12:11:44","guid":{"rendered":"http:\/\/aire-loire.fr\/?page_id=481"},"modified":"2021-10-24T13:39:07","modified_gmt":"2021-10-24T11:39:07","slug":"projets-2020","status":"publish","type":"page","link":"https:\/\/aire-loire.fr\/index.php\/projets\/projets-2020\/","title":{"rendered":"Projets 2020 &#038; don exceptionnel COVID-19"},"content":{"rendered":"\n<div class=\"wp-block-buttons is-content-justification-right is-layout-flex wp-block-buttons-is-layout-flex\">\n<div class=\"wp-block-button\"><a class=\"wp-block-button__link\" href=\"https:\/\/aire-loire.fr\/index.php\/projets\/\">Retour aux projets<\/a><\/div>\n<\/div>\n\n\n\n<p>En 2020, nous soutenons 4 projets et, nous avons d\u00e9cid\u00e9 de faire un don pour aider la recherche contre le COVID-19, vous retrouverez sur cette page les informations d&rsquo;utilisation du don par nos b\u00e9n\u00e9ficiaires.<\/p>\n\n\n\n<p>Dr <strong>Laurent BERTOLETTI anesth\u00e9siste r\u00e9animateur<\/strong> (6500\u20ac)<br>MEDECINE VASCULAIRE&nbsp;: l\u2019efficacit\u00e9 des nouveaux anticoagulants oraux n\u2019a pas \u00e9t\u00e9 valid\u00e9e dans des situations de phl\u00e9bites dites atypiques (par exemple, phl\u00e9bites c\u00e9r\u00e9brales). Cette \u00e9tude initi\u00e9e par le service de m\u00e9decine vasculaire de Saint-Etienne est une \u00e9tude internationale qui vise \u00e0 \u00e9valuer l\u2019int\u00e9r\u00eat des nouveaux anticoagulants dans cette indication. La bourse AIRE permettra de d\u00e9buter cette \u00e9tude qui b\u00e9n\u00e9ficiera \u00e9galement d\u2019autres financements.<\/p>\n\n\n\n<p>Pr <strong>Olivier TIFFET Chirurgien<\/strong> (6500\u20ac)<br>CHIRURGIE DU CANCER&nbsp;DU POUMON : la diffusion du cancer dans le syst\u00e8me lymphatique (les ganglions) est la premi\u00e8re \u00e9tape de la g\u00e9n\u00e9ralisation du cancer. Tout commence par l\u2019envahissement du ganglion qui draine directement le site de la tumeur canc\u00e9reuse. Ce ganglion s\u2019appelle le ganglion sentinelle et la pr\u00e9sente \u00e9tude propose d\u2019\u00e9valuer une technique innovante permettant de rep\u00e9rer sp\u00e9cifiquement ce ganglion pour pouvoir&nbsp; le pr\u00e9lever lors de la chirurgie et l\u2019analyser en direct afin de proposer le traitement le mieux adapt\u00e9.<\/p>\n\n\n\n<p>Dr <strong>Estelle MOUNIER-GEYSSANT P\u00e9dopsychiatre<\/strong> (6500\u20ac)<br>PEDOPSYCHIATRIE&nbsp;: il n\u2019existe pas de questionnaire fiable adapt\u00e9 aux enfants fran\u00e7ais pour aider \u00e0 d\u00e9pister les traumatismes complexes de l\u2019enfant. Cette \u00e9tude a pour but de d\u00e9velopper un tel questionnaire.<\/p>\n\n\n\n<p><strong>Sylvain GRANGE interne radiologue<\/strong> (800\u20ac)<br>RADIOLOGIE&nbsp;: la prise en charge de patients en oncologie peut n\u00e9cessiter des interventions de radiologie interventionnelle (par exemple, cimentation d\u2019une vert\u00e8bre) qui n\u00e9cessitent une anesth\u00e9sie. Afin de limiter le recours \u00e0 l\u2019anesth\u00e9sie, cette \u00e9tude propose de tester l\u2019int\u00e9r\u00eat de lunettes de r\u00e9alit\u00e9 virtuelle qui ont d\u00e9j\u00e0 montr\u00e9 une certaine efficacit\u00e9 dans d\u2019autres situations.<\/p>\n\n\n\n<p><strong><strong>AIRE a donn\u00e9 \u00e9galement 15000\u20ac \u00e0 la recherche sur la COVID<\/strong><\/strong><\/p>\n\n\n\n<p>Nous sommes tr\u00e8s sensibles \u00e0 cette g\u00e9n\u00e9reuse donation qui nous permettra d\u2019amplifier nos efforts pour mettre \u00e0 la disposition de la communaut\u00e9 st\u00e9phanoise des outils pertinents pour lutter plus efficacement contre l\u2019\u00e9pid\u00e9mie de COVID-19 qui affecte le bassin st\u00e9phanois, avec notamment un cluster important de cas dans le secteur des monts du Forez. Outre l\u2019\u00e9tude du Dr Charier (<strong>pour la fabrication de masques de protections en REA<\/strong>, 2050\u20ac), cet argent sera utilis\u00e9 :<\/p>\n\n\n\n<ul class=\"wp-block-list\"><li>pour partie \u00e0 <strong>l\u2019achat d\u2019un cong\u00e9lateur -80\u00b0C pour stocker de fa\u00e7on s\u00e9curis\u00e9e tous les \u00e9chantillons biologiques<\/strong> destin\u00e9s \u00e0 alimenter la recherche dans le secteur COVID-19 en partenariat avec Mme la Pr. Botelho-Nevers en charge de coordonner au CHU les nombreuses \u00e9tudes cliniques nationales et locales (sang, pr\u00e9l\u00e8vements respiratoires, selles, urines \u2026) sur cette pathologie \u00e9mergente qui mobilise tous les cliniciens du CHU ;<\/li><li>pour partie au <strong>d\u00e9veloppement de nouveaux tests diagnostiques rapides<\/strong> (s\u00e9rologie, test antig\u00e9nique pour le d\u00e9pistage des porteurs \u2026) en partenariat avec la soci\u00e9t\u00e9 Biospeedia, spin-off de l\u2019Institut Pasteur, qui envisage de se d\u00e9localiser \u00e0 Saint-Etienne dans les mois \u00e0 venir pour intensifier sa collaboration avec le GIMAP (Universit\u00e9 de Saint-Etienne) et le service des Agents infectieux du CHU. Le test s\u00e9rologique rapide d\u00e9velopp\u00e9 par cette soci\u00e9t\u00e9 va obtenir bient\u00f4t le marquage CE et continue \u00e0 \u00eatre \u00e9valu\u00e9e dans notre \u00e9quipe. Il sera notamment tr\u00e8s utile pour affiner le diagnostic de l\u2019infection chez les malades et les soignants et pour envisager, dans un deuxi\u00e8me temps, la phase de d\u00e9confinement progressif une fois pass\u00e9e la plus forte pouss\u00e9e de l\u2019\u00e9pid\u00e9mie.<\/li><\/ul>\n\n\n\n<p>Nous restons \u00e0 votre disposition pour tous renseignements compl\u00e9mentaires concernant ces projets tr\u00e8s motivants pour notre communaut\u00e9 m\u00e9dicale.<br>Tr\u00e8s solidairement,<br>Bruno POZZETTO, au nom du <strong>Service des Agents infectieux et d\u2019Hygi\u00e8ne<\/strong><br>Thomas BOURLET, au nom du <strong>GIMAP, Facult\u00e9 de M\u00e9decine, UJM<\/strong><br>Elisabeth BOTELHO-NEVERS, au nom du <strong>Service d\u2019Infectiologie<\/strong><\/p>\n","protected":false},"excerpt":{"rendered":"<p>En 2020, nous soutenons 4 projets et, nous avons d\u00e9cid\u00e9 de faire un don pour aider la recherche contre le COVID-19, vous retrouverez sur cette page les informations d&rsquo;utilisation du don par nos b\u00e9n\u00e9ficiaires. Dr Laurent BERTOLETTI anesth\u00e9siste r\u00e9animateur (6500\u20ac)MEDECINE VASCULAIRE&nbsp;: l\u2019efficacit\u00e9 des nouveaux anticoagulants oraux n\u2019a pas \u00e9t\u00e9 valid\u00e9e dans des situations de phl\u00e9bites [&hellip;]<\/p>\n","protected":false},"author":1,"featured_media":0,"parent":34,"menu_order":0,"comment_status":"closed","ping_status":"closed","template":"","meta":{"footnotes":""},"class_list":["post-481","page","type-page","status-publish","hentry"],"_links":{"self":[{"href":"https:\/\/aire-loire.fr\/index.php\/wp-json\/wp\/v2\/pages\/481","targetHints":{"allow":["GET"]}}],"collection":[{"href":"https:\/\/aire-loire.fr\/index.php\/wp-json\/wp\/v2\/pages"}],"about":[{"href":"https:\/\/aire-loire.fr\/index.php\/wp-json\/wp\/v2\/types\/page"}],"author":[{"embeddable":true,"href":"https:\/\/aire-loire.fr\/index.php\/wp-json\/wp\/v2\/users\/1"}],"replies":[{"embeddable":true,"href":"https:\/\/aire-loire.fr\/index.php\/wp-json\/wp\/v2\/comments?post=481"}],"version-history":[{"count":8,"href":"https:\/\/aire-loire.fr\/index.php\/wp-json\/wp\/v2\/pages\/481\/revisions"}],"predecessor-version":[{"id":581,"href":"https:\/\/aire-loire.fr\/index.php\/wp-json\/wp\/v2\/pages\/481\/revisions\/581"}],"up":[{"embeddable":true,"href":"https:\/\/aire-loire.fr\/index.php\/wp-json\/wp\/v2\/pages\/34"}],"wp:attachment":[{"href":"https:\/\/aire-loire.fr\/index.php\/wp-json\/wp\/v2\/media?parent=481"}],"curies":[{"name":"wp","href":"https:\/\/api.w.org\/{rel}","templated":true}]}}