{"id":49,"date":"2015-11-02T21:18:26","date_gmt":"2015-11-02T20:18:26","guid":{"rendered":"http:\/\/aire-loire.com\/?page_id=49"},"modified":"2024-05-04T20:24:22","modified_gmt":"2024-05-04T18:24:22","slug":"spectacles","status":"publish","type":"page","link":"https:\/\/aire-loire.fr\/index.php\/spectacles\/","title":{"rendered":"Nos ressources"},"content":{"rendered":"\n<p>Les ressources servent int\u00e9gralement \u00e0 soutenir un <strong>projet de recherche m\u00e9dicale<\/strong> ou \u00e0 <strong>accompagner un financement d\u2019\u00e9quipement<\/strong>: dons, concerts classiques, repas caritatifs, vari\u00e9t\u00e9s, marches, aides de la ville de St Etienne et du d\u00e9partement de la Loire, etc\u2026<\/p>\n\n\n\n<h2 class=\"wp-block-heading\">Nos animations en 2024<\/h2>\n\n\n\n<div class=\"wp-block-columns is-layout-flex wp-container-core-columns-is-layout-9d6595d7 wp-block-columns-is-layout-flex\">\n<div class=\"wp-block-column is-layout-flow wp-block-column-is-layout-flow\">\n<figure class=\"wp-block-embed is-type-wp-embed is-provider-aire-loire wp-block-embed-aire-loire\"><div class=\"wp-block-embed__wrapper\">\n<blockquote class=\"wp-embedded-content\" data-secret=\"lezqggx6FB\"><a href=\"https:\/\/aire-loire.fr\/index.php\/2024\/05\/04\/2024-apero-musical\/\">Ap\u00e9ro musical<\/a><\/blockquote><iframe class=\"wp-embedded-content\" sandbox=\"allow-scripts\" security=\"restricted\" style=\"position: absolute; clip: rect(1px, 1px, 1px, 1px);\" title=\"\u00ab\u00a0Ap\u00e9ro musical\u00a0\u00bb &#8212; AiRE Loire\" src=\"https:\/\/aire-loire.fr\/index.php\/2024\/05\/04\/2024-apero-musical\/embed\/#?secret=P8AWqCV1Dt#?secret=lezqggx6FB\" data-secret=\"lezqggx6FB\" width=\"500\" height=\"282\" frameborder=\"0\" marginwidth=\"0\" marginheight=\"0\" scrolling=\"no\"><\/iframe>\n<\/div><figcaption class=\"wp-element-caption\"><strong>Le 16 mai 2024<\/strong><br><strong>Tarif 20 euros<\/strong>, ap\u00e9ritif, planche du terroir et concert<br><strong>R\u00e9servation aupr\u00e8s de l\u2019association AiRe par mail uniquement\u00a0:\u00a0<a href=\"mailto:assoc.aire@gmail.com\" target=\"_blank\" rel=\"noreferrer noopener\">assoc.aire@gmail.com<\/a><\/strong><\/figcaption><\/figure>\n<\/div>\n\n\n\n<div class=\"wp-block-column is-layout-flow wp-block-column-is-layout-flow\">\n<figure class=\"wp-block-embed is-type-wp-embed is-provider-aire-loire wp-block-embed-aire-loire\"><div class=\"wp-block-embed__wrapper\">\n<blockquote class=\"wp-embedded-content\" data-secret=\"8auGi2LA7e\"><a href=\"https:\/\/aire-loire.fr\/index.php\/2024\/05\/04\/opera-la-boheme\/\">Op\u00e9ra La Boh\u00e8me<\/a><\/blockquote><iframe class=\"wp-embedded-content\" sandbox=\"allow-scripts\" security=\"restricted\" style=\"position: absolute; clip: rect(1px, 1px, 1px, 1px);\" title=\"\u00ab\u00a0Op\u00e9ra La Boh\u00e8me\u00a0\u00bb &#8212; AiRE Loire\" src=\"https:\/\/aire-loire.fr\/index.php\/2024\/05\/04\/opera-la-boheme\/embed\/#?secret=QINgOZkTjN#?secret=8auGi2LA7e\" data-secret=\"8auGi2LA7e\" width=\"500\" height=\"282\" frameborder=\"0\" marginwidth=\"0\" marginheight=\"0\" scrolling=\"no\"><\/iframe>\n<\/div><figcaption class=\"wp-element-caption\"><strong>Le 12 juin 2014<\/strong><\/figcaption><\/figure>\n<\/div>\n<\/div>\n","protected":false},"excerpt":{"rendered":"<p>Les ressources servent int\u00e9gralement \u00e0 soutenir un projet de recherche m\u00e9dicale ou \u00e0 accompagner un financement d\u2019\u00e9quipement: dons, concerts classiques, repas caritatifs, vari\u00e9t\u00e9s, marches, aides de la ville de St Etienne et du d\u00e9partement de la Loire, etc\u2026 Nos animations en 2024<\/p>\n","protected":false},"author":2,"featured_media":0,"parent":0,"menu_order":0,"comment_status":"closed","ping_status":"closed","template":"","meta":{"footnotes":""},"class_list":["post-49","page","type-page","status-publish","hentry"],"_links":{"self":[{"href":"https:\/\/aire-loire.fr\/index.php\/wp-json\/wp\/v2\/pages\/49","targetHints":{"allow":["GET"]}}],"collection":[{"href":"https:\/\/aire-loire.fr\/index.php\/wp-json\/wp\/v2\/pages"}],"about":[{"href":"https:\/\/aire-loire.fr\/index.php\/wp-json\/wp\/v2\/types\/page"}],"author":[{"embeddable":true,"href":"https:\/\/aire-loire.fr\/index.php\/wp-json\/wp\/v2\/users\/2"}],"replies":[{"embeddable":true,"href":"https:\/\/aire-loire.fr\/index.php\/wp-json\/wp\/v2\/comments?post=49"}],"version-history":[{"count":49,"href":"https:\/\/aire-loire.fr\/index.php\/wp-json\/wp\/v2\/pages\/49\/revisions"}],"predecessor-version":[{"id":773,"href":"https:\/\/aire-loire.fr\/index.php\/wp-json\/wp\/v2\/pages\/49\/revisions\/773"}],"wp:attachment":[{"href":"https:\/\/aire-loire.fr\/index.php\/wp-json\/wp\/v2\/media?parent=49"}],"curies":[{"name":"wp","href":"https:\/\/api.w.org\/{rel}","templated":true}]}}