{"id":713,"date":"2024-05-04T18:30:18","date_gmt":"2024-05-04T16:30:18","guid":{"rendered":"https:\/\/aire-loire.fr\/?page_id=713"},"modified":"2024-05-04T18:36:46","modified_gmt":"2024-05-04T16:36:46","slug":"projets-2022","status":"publish","type":"page","link":"https:\/\/aire-loire.fr\/index.php\/projets\/projets-2022\/","title":{"rendered":"Projets 2022"},"content":{"rendered":"\n<div class=\"wp-block-buttons is-content-justification-right is-layout-flex wp-container-core-buttons-is-layout-765c4724 wp-block-buttons-is-layout-flex\">\n<div class=\"wp-block-button\"><a class=\"wp-block-button__link wp-element-button\" href=\"https:\/\/aire-loire.fr\/index.php\/projets\/\">Retour aux projets<\/a><\/div>\n<\/div>\n\n\n\n<p>En 2022, nous soutenons 7 projets, vous retrouverez sur cette page les informations d\u2019utilisation du don par nos b\u00e9n\u00e9ficiaires.<\/p>\n\n\n\n<p>Dr <strong>Tristan GABRIEL-SEGAR<\/strong> <br>Montant : 2000\u20ac<br>Chef de Clinique \u2013 Assistant &nbsp;&nbsp;&nbsp;<em>CHU Saint Etienne \u2013 psychiatrie transversale<\/em> &#8211; PhD student GIMA<br>Transplantation de microbiote f\u00e9cale pour le traitement de la maladie de CROHN<\/p>\n\n\n\n<p><strong>A. Adham<\/strong> (Interne) &#8211; <strong>D. Rimaud<\/strong> (Ing\u00e9nieur Recherche) <strong>&#8211; P. Giraux <\/strong>(PU-PH) Service MPR adulte, CHU Saint-Etienne<br>Montant : 5000\u20ac<br>Identification et comparaison des bio-marqueurs EEG d\u2019efficacit\u00e9 de la th\u00e9rapie miroir et vid\u00e9o chez les patients AVC<\/p>\n\n\n\n<p>Dr <strong>David CHARIER<\/strong>,<strong> <\/strong>Anesth\u00e9siste en Neurochirurgie &#8211; <strong>Mathilde Pachcinski<\/strong><em>, <\/em>Interne de Neurochirurgie &#8211; Dr <strong>Marie-Charlotte T\u00e9tard<\/strong>, Neurochirurgie &#8211; Pr <strong>Fran\u00e7ois Vassal<\/strong>, Neurochirurgie &#8211; Pr <strong>Serge Molliex<\/strong>, D\u00e9partement d\u2019Anesth\u00e9siste-R\u00e9animation<br>Montant : 5000 \u20ac<br>D\u00e9pistage de la fragilit\u00e9 des patients au cours d\u2019une anesth\u00e9sie g\u00e9n\u00e9rale<\/p>\n\n\n\n<p><strong>Mario DALLUD CELLARD<\/strong>, Interne CHU anesth\u00e9sie &#8211; <strong>Hugues PATURAL<\/strong> &#8211; <strong>Florence <strong>GRATTARD<\/strong><\/strong><br>Montant : 5000 \u20ac<br>Epid\u00e9miologie de la transmission crois\u00e9e entre enfants de <em>Staphylococcus aureus<\/em> en R\u00e9animation N\u00e9onatale (Etude Monocentrique \u2013 CHU de Saint-Etienne)<\/p>\n\n\n\n<p><strong>David EGLIN<\/strong>, Professor&nbsp; Health Engineering Center<br>Montant : 4000 \u20ac<br>Microgels biod\u00e9gradables et injectables charg\u00e9 en lysat plaquettaire dans l\u2019arthrose du genou.<br>Ces travaux seront conduit avec le CHU Saint-Etienne (Dr. Hubert Marotte) pour l&rsquo;expertise clinique, et l&rsquo;EFS (Dr. Fabrice Cognasse) pour l&rsquo;expertise sur les lysats plaquettaires.<\/p>\n\n\n\n<p><strong>Sylvain POINARD<\/strong>, Interne ophtalmologie &#8211; <strong>Marielle MENTEK, Philippe GAIN, Gilles THURET<\/strong><br>Montant : 5000 \u20ac<br>Robotique chirurgicale pour les injections intra\/sous r\u00e9tiniennes et intravasculaire d\u2019aujourd\u2019hui et de demain.<\/p>\n\n\n\n<p><strong>BEZZEGHOUD Souad, interne <\/strong>&#8211; <strong>Olivier DELEZAY, Xavier DELAVENNE, Laurent BERTOLETTI<\/strong><br>Montant : 5000 \u20ac<br>D\u00e9velopper la capacit\u00e9 de pr\u00e9diction de r\u00e9ponses aux traitements de patients atteints d\u2019hypertension art\u00e9rielle pulmonaire.<\/p>\n","protected":false},"excerpt":{"rendered":"<p>En 2022, nous soutenons 7 projets, vous retrouverez sur cette page les informations d\u2019utilisation du don par nos b\u00e9n\u00e9ficiaires. Dr Tristan GABRIEL-SEGAR Montant : 2000\u20acChef de Clinique \u2013 Assistant &nbsp;&nbsp;&nbsp;CHU Saint Etienne \u2013 psychiatrie transversale &#8211; PhD student GIMATransplantation de microbiote f\u00e9cale pour le traitement de la maladie de CROHN A. Adham (Interne) &#8211; D. [&hellip;]<\/p>\n","protected":false},"author":2,"featured_media":0,"parent":34,"menu_order":0,"comment_status":"closed","ping_status":"closed","template":"","meta":{"footnotes":""},"class_list":["post-713","page","type-page","status-publish","hentry"],"_links":{"self":[{"href":"https:\/\/aire-loire.fr\/index.php\/wp-json\/wp\/v2\/pages\/713","targetHints":{"allow":["GET"]}}],"collection":[{"href":"https:\/\/aire-loire.fr\/index.php\/wp-json\/wp\/v2\/pages"}],"about":[{"href":"https:\/\/aire-loire.fr\/index.php\/wp-json\/wp\/v2\/types\/page"}],"author":[{"embeddable":true,"href":"https:\/\/aire-loire.fr\/index.php\/wp-json\/wp\/v2\/users\/2"}],"replies":[{"embeddable":true,"href":"https:\/\/aire-loire.fr\/index.php\/wp-json\/wp\/v2\/comments?post=713"}],"version-history":[{"count":2,"href":"https:\/\/aire-loire.fr\/index.php\/wp-json\/wp\/v2\/pages\/713\/revisions"}],"predecessor-version":[{"id":716,"href":"https:\/\/aire-loire.fr\/index.php\/wp-json\/wp\/v2\/pages\/713\/revisions\/716"}],"up":[{"embeddable":true,"href":"https:\/\/aire-loire.fr\/index.php\/wp-json\/wp\/v2\/pages\/34"}],"wp:attachment":[{"href":"https:\/\/aire-loire.fr\/index.php\/wp-json\/wp\/v2\/media?parent=713"}],"curies":[{"name":"wp","href":"https:\/\/api.w.org\/{rel}","templated":true}]}}