{"id":720,"date":"2024-05-04T18:48:13","date_gmt":"2024-05-04T16:48:13","guid":{"rendered":"https:\/\/aire-loire.fr\/?page_id=720"},"modified":"2024-05-04T18:48:14","modified_gmt":"2024-05-04T16:48:14","slug":"projets-2024","status":"publish","type":"page","link":"https:\/\/aire-loire.fr\/index.php\/projets\/projets-2024\/","title":{"rendered":"Projets 2024"},"content":{"rendered":"\n<div class=\"wp-block-buttons is-content-justification-right is-layout-flex wp-container-core-buttons-is-layout-765c4724 wp-block-buttons-is-layout-flex\">\n<div class=\"wp-block-button\"><a class=\"wp-block-button__link wp-element-button\" href=\"https:\/\/aire-loire.fr\/index.php\/projets\/\">Retour aux projets<\/a><\/div>\n<\/div>\n\n\n\n<p><strong>Cinq nouveaux projets soutenus<\/strong> <strong>par l\u2019association AIRE en 2024<\/strong><\/p>\n\n\n\n<p>L\u2019association AIRE multiplie les actions tout au long de l\u2019ann\u00e9e afin de r\u00e9colter les fonds n\u00e9cessaires pour soutenir toujours plus de projets de recherche au CHU au profit des patients.<\/p>\n\n\n\n<p><strong>Nory Elhadjene, <\/strong>Anesth\u00e9sie-R\u00e9animation et m\u00e9decine p\u00e9ri-op\u00e9ratoire \u2013Laboratoire Interuniversitaire de Biologie de la Motricit\u00e9 &#8211; EA7424<br>Montant : 5000 \u20ac<br>Au cours d\u2019une chirurgie sous anesth\u00e9sie g\u00e9n\u00e9rale, le niveau de profondeur du sommeil est enregistr\u00e9 \u00e0 l\u2019aide d\u2019un moniteur d\u00e9riv\u00e9 de l\u2019\u00e9lectro-enc\u00e9phalogramme. Cet enregistrement, combin\u00e9 \u00e0 l\u2019\u00e9valuation de la sant\u00e9 mentale et de la fragilit\u00e9 des patients avant l\u2019intervention, pourrait permettre de faciliter le diagnostic de d\u00e9lirium post-op\u00e9ratoire afin d\u2019en am\u00e9liorer la prise en charge.<\/p>\n\n\n\n<p><strong>Dr Ludovic Fouillet, <\/strong>H\u00e9matologie et th\u00e9rapie cellulaire<br>Montant : 5000 \u20ac<br>Projet VESICANS\u00a0: il vise \u00e0 caract\u00e9riser les v\u00e9sicules extracellulaires (EVs) lib\u00e9r\u00e9es avant puis lors du traitement par CAR-T (traitement des cancers du sang) et lors de la survenue de l&rsquo;ICANS (complication neurologique fr\u00e9quente et grave associ\u00e9e \u00e0 l&rsquo;utilisation de ces traitements), en utilisant des m\u00e9thodes d&rsquo;analyse telles que la cytom\u00e9trie en flux, la microscopie \u00e9lectronique et le Nanoparticle Tracking Analysis en regard de l\u2019\u00e9valuation clinique et radiolologique de la barri\u00e8re entre le cerveau et le sang. Cette \u00e9tude contribuera in fine \u00e0 faciliter la pr\u00e9vention et le traitement de cette toxicit\u00e9 qui gr\u00e8ve le pronostic de nos patients.<\/p>\n\n\n\n<p><strong>Dr Martin Fayolle, Pr Paul Verhoeven, Dr Anne Carricajo, Dr Bertrand Boyer<\/strong><br>Montant : 4900 \u20ac<br>\u00c9tude du r\u00e9servoir bact\u00e9rien intracellulaire\u00a0: vers une prise en charge personnalis\u00e9e des infections ost\u00e9oarticulaires (IOA) chroniques \u00e0 staphylocoque dor\u00e9. L\u2019objectif de ce projet est de d\u00e9velopper une technique de microscopie de pointe pour visualiser les staphylocoques intracellulaires directement dans les pr\u00e9l\u00e8vements ost\u00e9oarticulaires effectu\u00e9s lors du traitement chirurgical de l\u2019infection, ce que ne permettent pas actuellement les techniques diagnostiques utilis\u00e9es en bact\u00e9riologie. Or les IOA sur proth\u00e8se mettent en jeu le pronostic fonctionnel de l\u2019articulation et le pronostic vital des patients.<\/p>\n\n\n\n<p><strong>Dr Martin Killian, <\/strong>M\u00e9decine interne, et <strong>Dr Anne-Claire Duchez, <\/strong>Charg\u00e9e de Recherche EFS &amp; INSERM 1059<br>Montant : 5000 \u20ac<br>Projet VESPA\u00a0: Etude des v\u00e9sicules extracellulaires (VE) comme biomarqueurs de diff\u00e9rentes pathologies. Les VE sont de petits \u00e9l\u00e9ments (de 30 \u00e0 1000 nm), pr\u00e9sents dans les fluides biologiques. Elles sont impliqu\u00e9es dans plusieurs pathologies dont le cancer, l\u2019arthrite et le vieillissement. Pour les \u00e9tudier, un rotor de centrifugeuse tr\u00e8s haute vitesse a \u00e9t\u00e9 achet\u00e9.<\/p>\n\n\n\n<p><strong>Dr. Pierre Cornillon, <\/strong>Oncologie<br>Montant : 5000 \u20ac<br>De nouveaux biomarqueurs urinaires pour optimiser la d\u00e9tection du cancer de la prostate \u00e0 grande \u00e9chelle.<br>L\u2019urine, en circulant \u00e0 c\u00f4t\u00e9 de la prostate, r\u00e9colte quantit\u00e9 de particules issues des cellules de prostate appel\u00e9es exosomes. L\u2019isolement et l\u2019\u00e9tude de ces derni\u00e8res pourraient permettre de d\u00e9tecter les cancers de la prostate, \u00e9vitant ainsi les biopsies. Cela faciliterait grandement cette phase de d\u00e9pistage et de diagnostic. L\u2019objectif est de mettre au point une technique pour d\u00e9tecter le cancer de la prostate en utilisant un pr\u00e9l\u00e8vement urinaire.<\/p>\n","protected":false},"excerpt":{"rendered":"<p>Cinq nouveaux projets soutenus par l\u2019association AIRE en 2024 L\u2019association AIRE multiplie les actions tout au long de l\u2019ann\u00e9e afin de r\u00e9colter les fonds n\u00e9cessaires pour soutenir toujours plus de projets de recherche au CHU au profit des patients. Nory Elhadjene, Anesth\u00e9sie-R\u00e9animation et m\u00e9decine p\u00e9ri-op\u00e9ratoire \u2013Laboratoire Interuniversitaire de Biologie de la Motricit\u00e9 &#8211; EA7424Montant : [&hellip;]<\/p>\n","protected":false},"author":2,"featured_media":0,"parent":34,"menu_order":0,"comment_status":"closed","ping_status":"closed","template":"","meta":{"footnotes":""},"class_list":["post-720","page","type-page","status-publish","hentry"],"_links":{"self":[{"href":"https:\/\/aire-loire.fr\/index.php\/wp-json\/wp\/v2\/pages\/720","targetHints":{"allow":["GET"]}}],"collection":[{"href":"https:\/\/aire-loire.fr\/index.php\/wp-json\/wp\/v2\/pages"}],"about":[{"href":"https:\/\/aire-loire.fr\/index.php\/wp-json\/wp\/v2\/types\/page"}],"author":[{"embeddable":true,"href":"https:\/\/aire-loire.fr\/index.php\/wp-json\/wp\/v2\/users\/2"}],"replies":[{"embeddable":true,"href":"https:\/\/aire-loire.fr\/index.php\/wp-json\/wp\/v2\/comments?post=720"}],"version-history":[{"count":1,"href":"https:\/\/aire-loire.fr\/index.php\/wp-json\/wp\/v2\/pages\/720\/revisions"}],"predecessor-version":[{"id":721,"href":"https:\/\/aire-loire.fr\/index.php\/wp-json\/wp\/v2\/pages\/720\/revisions\/721"}],"up":[{"embeddable":true,"href":"https:\/\/aire-loire.fr\/index.php\/wp-json\/wp\/v2\/pages\/34"}],"wp:attachment":[{"href":"https:\/\/aire-loire.fr\/index.php\/wp-json\/wp\/v2\/media?parent=720"}],"curies":[{"name":"wp","href":"https:\/\/api.w.org\/{rel}","templated":true}]}}