{"id":723,"date":"2024-05-04T19:02:16","date_gmt":"2024-05-04T17:02:16","guid":{"rendered":"https:\/\/aire-loire.fr\/?page_id=723"},"modified":"2024-05-04T19:02:16","modified_gmt":"2024-05-04T17:02:16","slug":"projets-2023","status":"publish","type":"page","link":"https:\/\/aire-loire.fr\/index.php\/projets-2023\/","title":{"rendered":"Projets 2023"},"content":{"rendered":"\n<div class=\"wp-block-buttons is-content-justification-right is-layout-flex wp-container-core-buttons-is-layout-765c4724 wp-block-buttons-is-layout-flex\">\n<div class=\"wp-block-button\"><a class=\"wp-block-button__link wp-element-button\" href=\"https:\/\/aire-loire.fr\/index.php\/projets\/\">Retour aux projets<\/a><\/div>\n<\/div>\n\n\n\n<p>En 2023, AIRE soutient 7 projets pour un total de 38 752,94 \u20ac<\/p>\n\n\n\n<p><strong>Giraud Antoine<\/strong>\u00a0\u00a0&#8211; N\u00c9ONATOLOGIE- Mod\u00e9lisation \u00e0 2 ans du d\u00e9veloppement de l\u2019enfant pr\u00e9matur\u00e9 <br>Montant : 1 811,94\u20ac<\/p>\n\n\n\n<p><strong>Strigini Maura<\/strong>\u00a0\u00a0&#8211; LBTO &#8211; Effets de la d\u00e9charge et de la surcharge m\u00e9canique des cellules-souches articulaires dans un mod\u00e8le pr\u00e9-clinique d\u2019arthrose<br>Montant : 7 560\u20ac<\/p>\n\n\n\n<p><strong>Berger Matthieu<\/strong>\u00a0&#8211; SNA &#8211; Investigation non-invasive du sommeil par bandeau Dreem<br>Montant : 5 600\u20ac<\/p>\n\n\n\n<p><strong>Charles S\u00e9bastien\u00a0<\/strong>&#8211; Vasculaire &#8211; Thrombog\u00e9n\u00e8se et cancer : le cas du my\u00e9lome multiple<br>Montant : 4 000\u20ac<\/p>\n\n\n\n<p><strong>Bessaguet Hugo<\/strong>\u00a0&#8211; MPR &#8211; Th\u00e9rapie vibratoire : effet de spasticit\u00e9 des membres inf\u00e9rieurs \u00e0 la phase subaigu\u00eb pr\u00e9coce post-AVC<br>Montant : 5 306\u20ac<\/p>\n\n\n\n<p><strong>Bourlet Thomas<\/strong>\u00a0&#8211; Gyn\u00e9cologie &#8211; Utilisation du pr\u00e9l\u00e8vement urinaire comme alternative au frottis cervico-vaginal pour la recherche du papillomavirus dans le cadre du d\u00e9pistage du cancer du col de l\u2019ut\u00e9rus<br>Montant : 4 675\u20ac<\/p>\n\n\n\n<p><strong>Poenou G\u00e9raldine<\/strong>\u00a0&#8211; M\u00e9decine Vasculaire et th\u00e9rapeutique &#8211; Association entre potentiel endog\u00e8ne de la formation de thrombine par test de g\u00e9n\u00e9ration de thrombine et le risque de survenue d\u2019h\u00e9morragie chez les patients pris en charge \u00a0par anticoagulant pour \u00e9v\u00e9nement thrombo-embolique veineux associ\u00e9 au cancer<br>Montant : 5 000\u20ac<\/p>\n\n\n\n<p><strong>Schneider Fabien<\/strong>\u00a0&#8211; TAPE &#8211; Interaction multisensorielle et aversion lipidique dans l\u2019anorexie mentale <br>Montant : 4 800\u20ac<\/p>\n","protected":false},"excerpt":{"rendered":"<p>En 2023, AIRE soutient 7 projets pour un total de 38 752,94 \u20ac Giraud Antoine\u00a0\u00a0&#8211; N\u00c9ONATOLOGIE- Mod\u00e9lisation \u00e0 2 ans du d\u00e9veloppement de l\u2019enfant pr\u00e9matur\u00e9 Montant : 1 811,94\u20ac Strigini Maura\u00a0\u00a0&#8211; LBTO &#8211; Effets de la d\u00e9charge et de la surcharge m\u00e9canique des cellules-souches articulaires dans un mod\u00e8le pr\u00e9-clinique d\u2019arthroseMontant : 7 560\u20ac Berger Matthieu\u00a0&#8211; [&hellip;]<\/p>\n","protected":false},"author":1,"featured_media":0,"parent":0,"menu_order":0,"comment_status":"closed","ping_status":"closed","template":"","meta":{"footnotes":""},"class_list":["post-723","page","type-page","status-publish","hentry"],"_links":{"self":[{"href":"https:\/\/aire-loire.fr\/index.php\/wp-json\/wp\/v2\/pages\/723","targetHints":{"allow":["GET"]}}],"collection":[{"href":"https:\/\/aire-loire.fr\/index.php\/wp-json\/wp\/v2\/pages"}],"about":[{"href":"https:\/\/aire-loire.fr\/index.php\/wp-json\/wp\/v2\/types\/page"}],"author":[{"embeddable":true,"href":"https:\/\/aire-loire.fr\/index.php\/wp-json\/wp\/v2\/users\/1"}],"replies":[{"embeddable":true,"href":"https:\/\/aire-loire.fr\/index.php\/wp-json\/wp\/v2\/comments?post=723"}],"version-history":[{"count":1,"href":"https:\/\/aire-loire.fr\/index.php\/wp-json\/wp\/v2\/pages\/723\/revisions"}],"predecessor-version":[{"id":724,"href":"https:\/\/aire-loire.fr\/index.php\/wp-json\/wp\/v2\/pages\/723\/revisions\/724"}],"wp:attachment":[{"href":"https:\/\/aire-loire.fr\/index.php\/wp-json\/wp\/v2\/media?parent=723"}],"curies":[{"name":"wp","href":"https:\/\/api.w.org\/{rel}","templated":true}]}}