{"id":83,"date":"2015-11-03T08:43:31","date_gmt":"2015-11-03T07:43:31","guid":{"rendered":"http:\/\/aire-loire.com\/?page_id=83"},"modified":"2021-10-24T19:02:28","modified_gmt":"2021-10-24T17:02:28","slug":"contact","status":"publish","type":"page","link":"https:\/\/aire-loire.fr\/index.php\/contact\/","title":{"rendered":"Nous contacter"},"content":{"rendered":"<div class=\"cartouche\">\n<div class=\"surlignable\">\n<h1 class=\"entry-title\">Devenir membre bienfaiteur, nous soutenir, devenir membre, r\u00e9server des places pour un spectacle<\/h1>\n<p><strong>Aidez-nous en souscrivant aupr\u00e8s des Membres de AIRE en appelant au&nbsp;06.87.65.01.12&nbsp;ou t\u00e9l\u00e9chargez <a href=\"https:\/\/aire-loire.fr\/wp-content\/uploads\/2015\/11\/formulaire-soutien.pdf\">notre formulaire de soutien.<\/a><\/strong><br \/>\n<strong>Les dons peuvent \u00eatre faits par ch\u00e8que bancaire ou par virement (<a href=\"https:\/\/aire-loire.fr\/wp-content\/uploads\/2020\/04\/rib-aireCA-1.pdf\">RIB<\/a>).<\/strong><\/p>\n<\/div>\n<\/div>\n<div class=\"surlignable\">\n<div class=\"texte entry-content\">\n<p><a href=\"https:\/\/aire-loire.fr\/wp-content\/uploads\/2015\/11\/ok_img-cartMembr.jpg\"><img decoding=\"async\" class=\"alignright wp-image-165 size-thumbnail\" src=\"https:\/\/aire-loire.fr\/wp-content\/uploads\/2015\/11\/ok_img-cartMembr-150x150.jpg\" alt=\"Carte de membre\" width=\"150\" height=\"150\"><\/a><\/p>\n<h3 class=\"spip\">Devenir Membre bienfaiteur<\/h3>\n<p>Pour soutenir nos actions dans le domaine de la recherche m\u00e9dicale, vous pouvez choisir d\u2019\u00eatre membre bienfaiteur de&nbsp;Aire&nbsp;en faisant un don d\u2019un montant de 10\u20ac, 20\u20ac, 30\u20ac ou autres, par le biais de notre formulaire de soutien en t\u00e9l\u00e9chargement .<\/p>\n<dl class=\"spip_document_50 spip_documents spip_documents_left\">\n<dt><\/dt>\n<dt class=\"spip_doc_titre\"><strong>Devenir Membre bienfaiteur&nbsp;<\/strong><\/dt>\n<dd class=\"spip_doc_descriptif\"><a href=\"https:\/\/aire-loire.fr\/wp-content\/uploads\/2015\/11\/formulaire-soutien.pdf\">T\u00e9l\u00e9charger notre formulaire de soutien<\/a><\/dd>\n<\/dl>\n<p><strong>66% de vos versements sont d\u00e9ductibles de vos&nbsp;imp\u00f4ts, dans la limite de 20 de votre revenu imposable.<br \/>\n<\/strong><\/p>\n<h3 class=\"spip\">Nous \u00e9crire<\/h3>\n<p style=\"padding-left: 40px;\">Association AIRE<br \/>\nMaison des Associations bp 103<br \/>\n4 rue Andr\u00e9 Malraux<br \/>\n42000 Saint-\u00c9tienne (Loire)<\/p>\n<h3 class=\"spip\">Nous t\u00e9l\u00e9phoner<\/h3>\n<p style=\"padding-left: 40px;\">T\u00e9l.&nbsp;<strong>06.87.65.01.12<br \/>\n<\/strong>Courriel&nbsp;:&nbsp;<a class=\"spip_mail\" href=\"mailto:assoc.aire@gmail.com\">assoc.aire@gmail.com<\/a><\/p>\n<h3 class=\"spip\">Pour r\u00e9servez un spectacle<\/h3>\n<p>Les informations concernant la r\u00e9servation des billets seront communiqu\u00e9es sur la page du spectacle. En effet en fonction de nos partenaires et du lieu de la manifestation, les points de vente des billets sont diff\u00e9rents.<\/p>\n<p>Nous restons \u00e0 votre disposition pour toutes informations.<\/p>\n<h3>Nous suivre<\/h3>\n<p>Vous pouvez nous suivre sur notre page FaceBook <a href=\"https:\/\/www.facebook.com\/AiReLoire\/\">@AiReLoire<\/a><\/p>\n<\/div>\n<\/div>\n","protected":false},"excerpt":{"rendered":"<p>Devenir membre bienfaiteur, nous soutenir, devenir membre, r\u00e9server des places pour un spectacle Aidez-nous en souscrivant aupr\u00e8s des Membres de AIRE en appelant au&nbsp;06.87.65.01.12&nbsp;ou t\u00e9l\u00e9chargez notre formulaire de soutien. Les dons peuvent \u00eatre faits par ch\u00e8que bancaire ou par virement (RIB). Devenir Membre bienfaiteur Pour soutenir nos actions dans le domaine de la recherche m\u00e9dicale, [&hellip;]<\/p>\n","protected":false},"author":1,"featured_media":689,"parent":0,"menu_order":0,"comment_status":"closed","ping_status":"closed","template":"","meta":{"footnotes":""},"class_list":["post-83","page","type-page","status-publish","has-post-thumbnail","hentry"],"_links":{"self":[{"href":"https:\/\/aire-loire.fr\/index.php\/wp-json\/wp\/v2\/pages\/83","targetHints":{"allow":["GET"]}}],"collection":[{"href":"https:\/\/aire-loire.fr\/index.php\/wp-json\/wp\/v2\/pages"}],"about":[{"href":"https:\/\/aire-loire.fr\/index.php\/wp-json\/wp\/v2\/types\/page"}],"author":[{"embeddable":true,"href":"https:\/\/aire-loire.fr\/index.php\/wp-json\/wp\/v2\/users\/1"}],"replies":[{"embeddable":true,"href":"https:\/\/aire-loire.fr\/index.php\/wp-json\/wp\/v2\/comments?post=83"}],"version-history":[{"count":16,"href":"https:\/\/aire-loire.fr\/index.php\/wp-json\/wp\/v2\/pages\/83\/revisions"}],"predecessor-version":[{"id":690,"href":"https:\/\/aire-loire.fr\/index.php\/wp-json\/wp\/v2\/pages\/83\/revisions\/690"}],"wp:featuredmedia":[{"embeddable":true,"href":"https:\/\/aire-loire.fr\/index.php\/wp-json\/wp\/v2\/media\/689"}],"wp:attachment":[{"href":"https:\/\/aire-loire.fr\/index.php\/wp-json\/wp\/v2\/media?parent=83"}],"curies":[{"name":"wp","href":"https:\/\/api.w.org\/{rel}","templated":true}]}}